{"id":13310,"date":"2024-08-13T12:05:54","date_gmt":"2024-08-13T09:05:54","guid":{"rendered":"https:\/\/kardelenboya.com.tr\/politikalar\/"},"modified":"2026-02-17T16:19:05","modified_gmt":"2026-02-17T13:19:05","slug":"politiques","status":"publish","type":"page","link":"https:\/\/kardelenboya.com.tr\/fr\/politiques\/","title":{"rendered":"Politiques"},"content":{"rendered":"<section class=\"l-section wpb_row height_custom\"><div class=\"l-section-h i-cf\"><div class=\"g-cols vc_row via_grid cols_1 laptops-cols_inherit tablets-cols_inherit mobiles-cols_1 valign_top type_default stacking_default\"><div class=\"wpb_column vc_column_container\"><div class=\"vc_column-inner\"><div class=\"w-grid us_post_list type_grid layout_9947 cols_1 preload_style_spinner\" id=\"us_post_list_p0fc\" style=\"--columns:1;--gap:1.5rem;\"><style>.layout_9947 .w-grid-item-h{}.layout_9947 .usg_hwrapper_1{border-bottom-width:1px!important;border-color:var(--color-header-top-text-hover)!important;border-bottom-style:solid!important;padding:5px 20px 5px 20px!important}.layout_9947 .usg_post_title_1{font-weight:700!important}.layout_9947 .usg_btn_1{font-size:1.5rem!important}<\/style><div class=\"w-grid-list\">\t<article class=\"w-grid-item size_1x1 post-13296 belgeler type-belgeler status-publish hentry belge-kategori-politikalar\" data-id=\"13296\">\r\n\t\t<div class=\"w-grid-item-h\">\r\n\t\t\t\t\t\t<div class=\"w-hwrapper usg_hwrapper_1 align_justify valign_middle\"><div class=\"w-post-elm post_title usg_post_title_1 entry-title color_link_inherit\"><a target=\"_blank\" href=\"https:\/\/kardelenboya.com.tr\/wp-content\/uploads\/2024\/08\/1-KARDELEN-BOYA-BILGI-GUVENLIGI-VE-KISISEL-VERILER-CERCEVE-POLITIKASI-fr.pdf\">POLITIQUE CADRE SUR LA S\u00c9CURIT\u00c9 DE L&rsquo;INFORMATION ET LES DONN\u00c9ES PERSONNELLES<\/a><\/div><a class=\"w-btn us-btn-style_29 usg_btn_1 icon_atright text_none\" aria-label=\"Button\" target=\"_blank\" href=\"https:\/\/kardelenboya.com.tr\/wp-content\/uploads\/2024\/08\/1-KARDELEN-BOYA-BILGI-GUVENLIGI-VE-KISISEL-VERILER-CERCEVE-POLITIKASI-fr.pdf\"><i class=\"fal fa-download\"><\/i><\/a><\/div>\t\t<\/div>\r\n\t\t\t<\/article>\r\n\t<article class=\"w-grid-item size_1x1 post-13539 belgeler type-belgeler status-publish hentry belge-kategori-politikalar\" data-id=\"13539\">\r\n\t\t<div class=\"w-grid-item-h\">\r\n\t\t\t\t\t\t<div class=\"w-hwrapper usg_hwrapper_1 align_justify valign_middle\"><div class=\"w-post-elm post_title usg_post_title_1 entry-title color_link_inherit\"><a target=\"_blank\" href=\"https:\/\/kardelenboya.com.tr\/wp-content\/uploads\/2024\/08\/2-KARDELEN-BOYA-KISISEL-VERILERIN-KORUNMASI-VE-ISLENMESI-POLITIKASI-fr.pdf\">POLITIQUE DE PROTECTION ET DE TRAITEMENT DES DONN\u00c9ES PERSONNELLES<\/a><\/div><a class=\"w-btn us-btn-style_29 usg_btn_1 icon_atright text_none\" aria-label=\"Button\" target=\"_blank\" href=\"https:\/\/kardelenboya.com.tr\/wp-content\/uploads\/2024\/08\/2-KARDELEN-BOYA-KISISEL-VERILERIN-KORUNMASI-VE-ISLENMESI-POLITIKASI-fr.pdf\"><i class=\"fal fa-download\"><\/i><\/a><\/div>\t\t<\/div>\r\n\t\t\t<\/article>\r\n\t<article class=\"w-grid-item size_1x1 post-13510 belgeler type-belgeler status-publish hentry belge-kategori-politikalar\" data-id=\"13510\">\r\n\t\t<div class=\"w-grid-item-h\">\r\n\t\t\t\t\t\t<div class=\"w-hwrapper usg_hwrapper_1 align_justify valign_middle\"><div class=\"w-post-elm post_title usg_post_title_1 entry-title color_link_inherit\"><a target=\"_blank\" href=\"https:\/\/kardelenboya.com.tr\/wp-content\/uploads\/2024\/08\/3-KARDELEN-BOYA-KISISEL-VERILERI-SAKLAMA-VE-IMHA-POLITIKASI-fr.pdf\">POLITIQUE DE CONSERVATION ET DE DESTRUCTION DES DONN\u00c9ES PERSONNELLES<\/a><\/div><a class=\"w-btn us-btn-style_29 usg_btn_1 icon_atright text_none\" aria-label=\"Button\" target=\"_blank\" href=\"https:\/\/kardelenboya.com.tr\/wp-content\/uploads\/2024\/08\/3-KARDELEN-BOYA-KISISEL-VERILERI-SAKLAMA-VE-IMHA-POLITIKASI-fr.pdf\"><i class=\"fal fa-download\"><\/i><\/a><\/div>\t\t<\/div>\r\n\t\t\t<\/article>\r\n\t<article class=\"w-grid-item size_1x1 post-13619 belgeler type-belgeler status-publish hentry belge-kategori-politikalar\" data-id=\"13619\">\r\n\t\t<div class=\"w-grid-item-h\">\r\n\t\t\t\t\t\t<div class=\"w-hwrapper usg_hwrapper_1 align_justify valign_middle\"><div class=\"w-post-elm post_title usg_post_title_1 entry-title color_link_inherit\"><a target=\"_blank\" href=\"https:\/\/kardelenboya.com.tr\/wp-content\/uploads\/2024\/08\/4-KARDELEN-BOYA-PERSONEL-ICIN-GECERLI-KISISEL-VERILERIN-KORUNMASI-POLITIKASI-fr.pdf\">POLITIQUE DE PROTECTION DES DONN\u00c9ES PERSONNELLES APPLICABLE AU PERSONNEL<\/a><\/div><a class=\"w-btn us-btn-style_29 usg_btn_1 icon_atright text_none\" aria-label=\"Button\" target=\"_blank\" href=\"https:\/\/kardelenboya.com.tr\/wp-content\/uploads\/2024\/08\/4-KARDELEN-BOYA-PERSONEL-ICIN-GECERLI-KISISEL-VERILERIN-KORUNMASI-POLITIKASI-fr.pdf\"><i class=\"fal fa-download\"><\/i><\/a><\/div>\t\t<\/div>\r\n\t\t\t<\/article>\r\n\t<article class=\"w-grid-item size_1x1 post-13341 belgeler type-belgeler status-publish hentry belge-kategori-politikalar\" data-id=\"13341\">\r\n\t\t<div class=\"w-grid-item-h\">\r\n\t\t\t\t\t\t<div class=\"w-hwrapper usg_hwrapper_1 align_justify valign_middle\"><div class=\"w-post-elm post_title usg_post_title_1 entry-title color_link_inherit\"><a target=\"_blank\" href=\"https:\/\/kardelenboya.com.tr\/wp-content\/uploads\/2024\/08\/5-KARDELEN-BOYA-BILGI-GUVENLIGI-POLITIKASI-fr.pdf\">POLITIQUE DE S\u00c9CURIT\u00c9 DE L&rsquo;INFORMATION<\/a><\/div><a class=\"w-btn us-btn-style_29 usg_btn_1 icon_atright text_none\" aria-label=\"Button\" target=\"_blank\" href=\"https:\/\/kardelenboya.com.tr\/wp-content\/uploads\/2024\/08\/5-KARDELEN-BOYA-BILGI-GUVENLIGI-POLITIKASI-fr.pdf\"><i class=\"fal fa-download\"><\/i><\/a><\/div>\t\t<\/div>\r\n\t\t\t<\/article>\r\n\t<article class=\"w-grid-item size_1x1 post-13355 belgeler type-belgeler status-publish hentry belge-kategori-politikalar\" data-id=\"13355\">\r\n\t\t<div class=\"w-grid-item-h\">\r\n\t\t\t\t\t\t<div class=\"w-hwrapper usg_hwrapper_1 align_justify valign_middle\"><div class=\"w-post-elm post_title usg_post_title_1 entry-title color_link_inherit\"><a target=\"_blank\" href=\"https:\/\/kardelenboya.com.tr\/wp-content\/uploads\/2024\/08\/6-KARDELEN-BOYA-BILGI-VE-ILETISIM-TEKNOLOJILERININ-KULLANIMI-POLITIKASI-fr.pdf\">POLITIQUE D&rsquo;UTILISATION DES TECHNOLOGIES DE L&rsquo;INFORMATION ET DE LA COMMUNICATION<\/a><\/div><a class=\"w-btn us-btn-style_29 usg_btn_1 icon_atright text_none\" aria-label=\"Button\" target=\"_blank\" href=\"https:\/\/kardelenboya.com.tr\/wp-content\/uploads\/2024\/08\/6-KARDELEN-BOYA-BILGI-VE-ILETISIM-TEKNOLOJILERININ-KULLANIMI-POLITIKASI-fr.pdf\"><i class=\"fal fa-download\"><\/i><\/a><\/div>\t\t<\/div>\r\n\t\t\t<\/article>\r\n\t<article class=\"w-grid-item size_1x1 post-13394 belgeler type-belgeler status-publish hentry belge-kategori-politikalar\" data-id=\"13394\">\r\n\t\t<div class=\"w-grid-item-h\">\r\n\t\t\t\t\t\t<div class=\"w-hwrapper usg_hwrapper_1 align_justify valign_middle\"><div class=\"w-post-elm post_title usg_post_title_1 entry-title color_link_inherit\"><a target=\"_blank\" href=\"https:\/\/kardelenboya.com.tr\/wp-content\/uploads\/2024\/08\/7-KARDELEN-BOYA-ERISIM-KONTROL-POLITIKASI-fr.pdf\">POLITIQUE DE CONTR\u00d4LE D&rsquo;ACC\u00c8S<\/a><\/div><a class=\"w-btn us-btn-style_29 usg_btn_1 icon_atright text_none\" aria-label=\"Button\" target=\"_blank\" href=\"https:\/\/kardelenboya.com.tr\/wp-content\/uploads\/2024\/08\/7-KARDELEN-BOYA-ERISIM-KONTROL-POLITIKASI-fr.pdf\"><i class=\"fal fa-download\"><\/i><\/a><\/div>\t\t<\/div>\r\n\t\t\t<\/article>\r\n\t<article class=\"w-grid-item size_1x1 post-13494 belgeler type-belgeler status-publish hentry belge-kategori-politikalar\" data-id=\"13494\">\r\n\t\t<div class=\"w-grid-item-h\">\r\n\t\t\t\t\t\t<div class=\"w-hwrapper usg_hwrapper_1 align_justify valign_middle\"><div class=\"w-post-elm post_title usg_post_title_1 entry-title color_link_inherit\"><a target=\"_blank\" href=\"https:\/\/kardelenboya.com.tr\/wp-content\/uploads\/2024\/08\/8-KARDELEN-BOYA-KAPALI-KAMERA-SISTEMLERI-POLITIKASI-fr.pdf\">POLITIQUE SUR LES SYST\u00c8MES DE CAM\u00c9RA EN CIRCUIT FERM\u00c9<\/a><\/div><a class=\"w-btn us-btn-style_29 usg_btn_1 icon_atright text_none\" aria-label=\"Button\" target=\"_blank\" href=\"https:\/\/kardelenboya.com.tr\/wp-content\/uploads\/2024\/08\/8-KARDELEN-BOYA-KAPALI-KAMERA-SISTEMLERI-POLITIKASI-fr.pdf\"><i class=\"fal fa-download\"><\/i><\/a><\/div>\t\t<\/div>\r\n\t\t\t<\/article>\r\n\t<article class=\"w-grid-item size_1x1 post-13436 belgeler type-belgeler status-publish hentry belge-kategori-politikalar\" data-id=\"13436\">\r\n\t\t<div class=\"w-grid-item-h\">\r\n\t\t\t\t\t\t<div class=\"w-hwrapper usg_hwrapper_1 align_justify valign_middle\"><div class=\"w-post-elm post_title usg_post_title_1 entry-title color_link_inherit\"><a target=\"_blank\" href=\"https:\/\/kardelenboya.com.tr\/wp-content\/uploads\/2024\/08\/9-KARDELEN-BOYA-INTERNET-VE-ELEKTRONIK-ILETISIM-ARACLARININ-KABUL-EDILEBILIR-KULLANIMI-HAKKINDA-USUL-VE-ESASLARA-ILISKIN-POLITIKA-fr.pdf\">POLITIQUE SUR LES PROC\u00c9DURES ET PRINCIPES RELATIFS \u00c0 L&rsquo;UTILISATION ACCEPTABLE D&rsquo;INTERNET ET DES OUTILS DE COMMUNICATION \u00c9LECTRONIQUE<\/a><\/div><a class=\"w-btn us-btn-style_29 usg_btn_1 icon_atright text_none\" aria-label=\"Button\" target=\"_blank\" href=\"https:\/\/kardelenboya.com.tr\/wp-content\/uploads\/2024\/08\/9-KARDELEN-BOYA-INTERNET-VE-ELEKTRONIK-ILETISIM-ARACLARININ-KABUL-EDILEBILIR-KULLANIMI-HAKKINDA-USUL-VE-ESASLARA-ILISKIN-POLITIKA-fr.pdf\"><i class=\"fal fa-download\"><\/i><\/a><\/div>\t\t<\/div>\r\n\t\t\t<\/article>\r\n\t<article class=\"w-grid-item size_1x1 post-13589 belgeler type-belgeler status-publish hentry belge-kategori-politikalar\" data-id=\"13589\">\r\n\t\t<div class=\"w-grid-item-h\">\r\n\t\t\t\t\t\t<div class=\"w-hwrapper usg_hwrapper_1 align_justify valign_middle\"><div class=\"w-post-elm post_title usg_post_title_1 entry-title color_link_inherit\"><a target=\"_blank\" href=\"https:\/\/kardelenboya.com.tr\/wp-content\/uploads\/2024\/08\/10-KARDELEN-BOYA-MOBIL-TAKIP-SISTEMLERI-POLITIKASI-fr.pdf\">POLITIQUE SUR LES SYST\u00c8MES DE SUIVI MOBILE<\/a><\/div><a class=\"w-btn us-btn-style_29 usg_btn_1 icon_atright text_none\" aria-label=\"Button\" target=\"_blank\" href=\"https:\/\/kardelenboya.com.tr\/wp-content\/uploads\/2024\/08\/10-KARDELEN-BOYA-MOBIL-TAKIP-SISTEMLERI-POLITIKASI-fr.pdf\"><i class=\"fal fa-download\"><\/i><\/a><\/div>\t\t<\/div>\r\n\t\t\t<\/article>\r\n<\/div><div class=\"g-loadmore hidden\"><div class=\"g-preloader type_1\"><div><\/div><\/div><\/div><div class=\"w-grid-list-json hidden\" onclick='return {&quot;max_num_pages&quot;:0,&quot;paginationBase&quot;:&quot;page&quot;,&quot;pagination&quot;:&quot;none&quot;,&quot;paged&quot;:1,&quot;ajaxData&quot;:{&quot;action&quot;:&quot;us_ajax_post_list&quot;,&quot;meta_type&quot;:&quot;post&quot;,&quot;object_id&quot;:0,&quot;template_vars&quot;:{&quot;shortcode_base&quot;:&quot;us_post_list&quot;,&quot;paged&quot;:1,&quot;max_num_pages&quot;:0,&quot;no_results&quot;:false,&quot;us_post_content_design_css&quot;:[],&quot;found_posts&quot;:0,&quot;items_count&quot;:10,&quot;source&quot;:&quot;all&quot;,&quot;custom_field_name&quot;:&quot;&quot;,&quot;ids&quot;:&quot;&quot;,&quot;post_type&quot;:&quot;belgeler&quot;,&quot;attachment_ids&quot;:null,&quot;include_post_thumbnail&quot;:0,&quot;post_author&quot;:&quot;any&quot;,&quot;post_author_ids&quot;:&quot;&quot;,&quot;apply_url_params&quot;:0,&quot;ignore_sticky_posts&quot;:1,&quot;exclude_children&quot;:0,&quot;exclude_current_post&quot;:&quot;0&quot;,&quot;exclude_prev_posts&quot;:0,&quot;exclude_past_events&quot;:0,&quot;enable_items_offset&quot;:0,&quot;items_offset&quot;:&quot;1&quot;,&quot;tax_query_relation&quot;:&quot;AND&quot;,&quot;tax_query&quot;:&quot;%5B%7B%22operator%22%3A%22IN%22%2C%22taxonomy%22%3A%22belge-kategori%22%2C%22terms%22%3A%2281%22%2C%22include_children%22%3A0%7D%5D&quot;,&quot;meta_query_relation&quot;:&quot;none&quot;,&quot;meta_query&quot;:[{&quot;key&quot;:&quot;custom_field_name&quot;,&quot;compare&quot;:&quot;=&quot;,&quot;value&quot;:&quot;&quot;}],&quot;orderby&quot;:&quot;date&quot;,&quot;orderby_custom_field&quot;:&quot;&quot;,&quot;orderby_custom_type&quot;:0,&quot;order_invert&quot;:&quot;1&quot;,&quot;show_all&quot;:&quot;1&quot;,&quot;quantity&quot;:&quot;12&quot;,&quot;posts_per_archive_page&quot;:0,&quot;no_items_action&quot;:&quot;message&quot;,&quot;no_items_message&quot;:&quot;Aucun r\\u00e9sultat.&quot;,&quot;no_items_page_block&quot;:&quot;&quot;,&quot;pagination&quot;:&quot;none&quot;,&quot;pagination_style&quot;:&quot;&quot;,&quot;pagination_btn_text&quot;:&quot;Charger plus&quot;,&quot;pagination_btn_size&quot;:&quot;&quot;,&quot;pagination_btn_style&quot;:&quot;1&quot;,&quot;pagination_btn_fullwidth&quot;:0,&quot;items_layout&quot;:&quot;9947&quot;,&quot;type&quot;:&quot;grid&quot;,&quot;items_valign&quot;:0,&quot;ignore_items_size&quot;:0,&quot;columns&quot;:&quot;1&quot;,&quot;items_gap&quot;:&quot;1.5rem&quot;,&quot;load_animation&quot;:&quot;none&quot;,&quot;items_preload_style&quot;:&quot;spinner&quot;,&quot;img_size&quot;:&quot;default&quot;,&quot;title_size&quot;:&quot;&quot;,&quot;items_ratio&quot;:&quot;default&quot;,&quot;items_ratio_width&quot;:&quot;21&quot;,&quot;items_ratio_height&quot;:&quot;9&quot;,&quot;overriding_link&quot;:&quot;{\\&quot;url\\&quot;:\\&quot;\\&quot;}&quot;,&quot;popup_page_template&quot;:&quot;0&quot;,&quot;popup_width&quot;:&quot;&quot;,&quot;popup_arrows&quot;:1,&quot;breakpoint_1_width&quot;:&quot;1281px&quot;,&quot;breakpoint_1_cols&quot;:&quot;default&quot;,&quot;breakpoint_1_quantity&quot;:&quot;&quot;,&quot;breakpoint_1_gap&quot;:&quot;&quot;,&quot;breakpoint_2_width&quot;:&quot;1025px&quot;,&quot;breakpoint_2_cols&quot;:&quot;2&quot;,&quot;breakpoint_2_quantity&quot;:&quot;&quot;,&quot;breakpoint_2_gap&quot;:&quot;&quot;,&quot;breakpoint_3_width&quot;:&quot;601px&quot;,&quot;breakpoint_3_cols&quot;:&quot;1&quot;,&quot;breakpoint_3_quantity&quot;:&quot;&quot;,&quot;breakpoint_3_gap&quot;:&quot;&quot;,&quot;conditions_operator&quot;:&quot;always&quot;,&quot;conditions&quot;:[],&quot;css&quot;:null,&quot;el_class&quot;:&quot;&quot;,&quot;el_id&quot;:&quot;&quot;,&quot;enable_custom_html_atts&quot;:0,&quot;custom_html_atts&quot;:null,&quot;hide_on_states&quot;:&quot;&quot;,&quot;hide_for_sticky&quot;:0,&quot;hide_for_not_sticky&quot;:0,&quot;hide_below&quot;:&quot;0px&quot;,&quot;hide_above&quot;:&quot;0px&quot;,&quot;classes&quot;:&quot;&quot;}},&quot;facetedFilter&quot;:[]}'><\/div><\/div><\/div><\/div><\/div><\/div><\/section>\n","protected":false},"excerpt":{"rendered":"","protected":false},"author":1,"featured_media":0,"parent":0,"menu_order":0,"comment_status":"closed","ping_status":"closed","template":"","meta":{"_acf_changed":false,"footnotes":""},"class_list":["post-13310","page","type-page","status-publish","hentry"],"acf":[],"yoast_head":"<!-- This site is optimized with the Yoast SEO Premium plugin v22.3 (Yoast SEO v27.3) - https:\/\/yoast.com\/product\/yoast-seo-premium-wordpress\/ -->\n<title>Politiques - Kardelen | Briland \u2022 Aura \u2022 Promax \u2022 \u0130zobond<\/title>\n<meta name=\"robots\" content=\"index, follow, max-snippet:-1, max-image-preview:large, max-video-preview:-1\" \/>\n<link rel=\"canonical\" href=\"https:\/\/kardelenboya.com.tr\/fr\/politiques\/\" \/>\n<meta property=\"og:locale\" content=\"fr_FR\" \/>\n<meta property=\"og:type\" content=\"article\" \/>\n<meta property=\"og:title\" content=\"Politiques\" \/>\n<meta property=\"og:url\" content=\"https:\/\/kardelenboya.com.tr\/fr\/politiques\/\" \/>\n<meta property=\"og:site_name\" content=\"Kardelen | Briland \u2022 Aura \u2022 Promax \u2022 \u0130zobond\" \/>\n<meta property=\"article:publisher\" content=\"https:\/\/www.facebook.com\/kardelenboyakimya\/\" \/>\n<meta property=\"article:modified_time\" content=\"2026-02-17T13:19:05+00:00\" \/>\n<meta name=\"twitter:card\" content=\"summary_large_image\" \/>\n<meta name=\"twitter:site\" content=\"@kardelenboya\" \/>\n<meta name=\"twitter:label1\" content=\"Dur\u00e9e de lecture estim\u00e9e\" \/>\n\t<meta name=\"twitter:data1\" content=\"1 minute\" \/>\n<script type=\"application\/ld+json\" class=\"yoast-schema-graph\">{\"@context\":\"https:\\\/\\\/schema.org\",\"@graph\":[{\"@type\":\"WebPage\",\"@id\":\"https:\\\/\\\/kardelenboya.com.tr\\\/fr\\\/politiques\\\/\",\"url\":\"https:\\\/\\\/kardelenboya.com.tr\\\/fr\\\/politiques\\\/\",\"name\":\"Politiques - Kardelen | Briland \u2022 Aura \u2022 Promax \u2022 \u0130zobond\",\"isPartOf\":{\"@id\":\"https:\\\/\\\/kardelenboya.com.tr\\\/fr\\\/#website\"},\"datePublished\":\"2024-08-13T09:05:54+00:00\",\"dateModified\":\"2026-02-17T13:19:05+00:00\",\"breadcrumb\":{\"@id\":\"https:\\\/\\\/kardelenboya.com.tr\\\/fr\\\/politiques\\\/#breadcrumb\"},\"inLanguage\":\"fr-FR\",\"potentialAction\":[{\"@type\":\"ReadAction\",\"target\":[\"https:\\\/\\\/kardelenboya.com.tr\\\/fr\\\/politiques\\\/\"]}]},{\"@type\":\"BreadcrumbList\",\"@id\":\"https:\\\/\\\/kardelenboya.com.tr\\\/fr\\\/politiques\\\/#breadcrumb\",\"itemListElement\":[{\"@type\":\"ListItem\",\"position\":1,\"name\":\"Anasayfa\",\"item\":\"https:\\\/\\\/kardelenboya.com.tr\\\/fr\\\/\"},{\"@type\":\"ListItem\",\"position\":2,\"name\":\"Politiques\"}]},{\"@type\":\"WebSite\",\"@id\":\"https:\\\/\\\/kardelenboya.com.tr\\\/fr\\\/#website\",\"url\":\"https:\\\/\\\/kardelenboya.com.tr\\\/fr\\\/\",\"name\":\"Kardelen | Briland \u2022 Aura \u2022 Promax \u2022 \u0130zobond\",\"description\":\"\",\"publisher\":{\"@id\":\"https:\\\/\\\/kardelenboya.com.tr\\\/fr\\\/#organization\"},\"potentialAction\":[{\"@type\":\"SearchAction\",\"target\":{\"@type\":\"EntryPoint\",\"urlTemplate\":\"https:\\\/\\\/kardelenboya.com.tr\\\/fr\\\/?s={search_term_string}\"},\"query-input\":{\"@type\":\"PropertyValueSpecification\",\"valueRequired\":true,\"valueName\":\"search_term_string\"}}],\"inLanguage\":\"fr-FR\"},{\"@type\":\"Organization\",\"@id\":\"https:\\\/\\\/kardelenboya.com.tr\\\/fr\\\/#organization\",\"name\":\"Kardelen | Briland \u2022 Aura \u2022 Promax \u2022 \u0130zobond\",\"url\":\"https:\\\/\\\/kardelenboya.com.tr\\\/fr\\\/\",\"logo\":{\"@type\":\"ImageObject\",\"inLanguage\":\"fr-FR\",\"@id\":\"https:\\\/\\\/kardelenboya.com.tr\\\/fr\\\/#\\\/schema\\\/logo\\\/image\\\/\",\"url\":\"https:\\\/\\\/kardelenboya.com.tr\\\/wp-content\\\/uploads\\\/2023\\\/01\\\/kardelen-logo.svg\",\"contentUrl\":\"https:\\\/\\\/kardelenboya.com.tr\\\/wp-content\\\/uploads\\\/2023\\\/01\\\/kardelen-logo.svg\",\"width\":\"1024\",\"height\":\"1024\",\"caption\":\"Kardelen | Briland \u2022 Aura \u2022 Promax \u2022 \u0130zobond\"},\"image\":{\"@id\":\"https:\\\/\\\/kardelenboya.com.tr\\\/fr\\\/#\\\/schema\\\/logo\\\/image\\\/\"},\"sameAs\":[\"https:\\\/\\\/www.facebook.com\\\/kardelenboyakimya\\\/\",\"https:\\\/\\\/x.com\\\/kardelenboya\",\"https:\\\/\\\/www.linkedin.com\\\/company\\\/kardelen-boya-kimya-san-tic-ltd-ti\\\/\",\"https:\\\/\\\/www.instagram.com\\\/kardelen_boya\\\/\",\"https:\\\/\\\/www.youtube.com\\\/channel\\\/UC_yoAYMVDemUEIkawXgGntg\",\"https:\\\/\\\/vk.com\\\/club232320387\",\"https:\\\/\\\/t.me\\\/kardelenkraski\"]}]}<\/script>\n<!-- \/ Yoast SEO Premium plugin. -->","yoast_head_json":{"title":"Politiques - Kardelen | Briland \u2022 Aura \u2022 Promax \u2022 \u0130zobond","robots":{"index":"index","follow":"follow","max-snippet":"max-snippet:-1","max-image-preview":"max-image-preview:large","max-video-preview":"max-video-preview:-1"},"canonical":"https:\/\/kardelenboya.com.tr\/fr\/politiques\/","og_locale":"fr_FR","og_type":"article","og_title":"Politiques","og_url":"https:\/\/kardelenboya.com.tr\/fr\/politiques\/","og_site_name":"Kardelen | Briland \u2022 Aura \u2022 Promax \u2022 \u0130zobond","article_publisher":"https:\/\/www.facebook.com\/kardelenboyakimya\/","article_modified_time":"2026-02-17T13:19:05+00:00","twitter_card":"summary_large_image","twitter_site":"@kardelenboya","twitter_misc":{"Dur\u00e9e de lecture estim\u00e9e":"1 minute"},"schema":{"@context":"https:\/\/schema.org","@graph":[{"@type":"WebPage","@id":"https:\/\/kardelenboya.com.tr\/fr\/politiques\/","url":"https:\/\/kardelenboya.com.tr\/fr\/politiques\/","name":"Politiques - Kardelen | Briland \u2022 Aura \u2022 Promax \u2022 \u0130zobond","isPartOf":{"@id":"https:\/\/kardelenboya.com.tr\/fr\/#website"},"datePublished":"2024-08-13T09:05:54+00:00","dateModified":"2026-02-17T13:19:05+00:00","breadcrumb":{"@id":"https:\/\/kardelenboya.com.tr\/fr\/politiques\/#breadcrumb"},"inLanguage":"fr-FR","potentialAction":[{"@type":"ReadAction","target":["https:\/\/kardelenboya.com.tr\/fr\/politiques\/"]}]},{"@type":"BreadcrumbList","@id":"https:\/\/kardelenboya.com.tr\/fr\/politiques\/#breadcrumb","itemListElement":[{"@type":"ListItem","position":1,"name":"Anasayfa","item":"https:\/\/kardelenboya.com.tr\/fr\/"},{"@type":"ListItem","position":2,"name":"Politiques"}]},{"@type":"WebSite","@id":"https:\/\/kardelenboya.com.tr\/fr\/#website","url":"https:\/\/kardelenboya.com.tr\/fr\/","name":"Kardelen | Briland \u2022 Aura \u2022 Promax \u2022 \u0130zobond","description":"","publisher":{"@id":"https:\/\/kardelenboya.com.tr\/fr\/#organization"},"potentialAction":[{"@type":"SearchAction","target":{"@type":"EntryPoint","urlTemplate":"https:\/\/kardelenboya.com.tr\/fr\/?s={search_term_string}"},"query-input":{"@type":"PropertyValueSpecification","valueRequired":true,"valueName":"search_term_string"}}],"inLanguage":"fr-FR"},{"@type":"Organization","@id":"https:\/\/kardelenboya.com.tr\/fr\/#organization","name":"Kardelen | Briland \u2022 Aura \u2022 Promax \u2022 \u0130zobond","url":"https:\/\/kardelenboya.com.tr\/fr\/","logo":{"@type":"ImageObject","inLanguage":"fr-FR","@id":"https:\/\/kardelenboya.com.tr\/fr\/#\/schema\/logo\/image\/","url":"https:\/\/kardelenboya.com.tr\/wp-content\/uploads\/2023\/01\/kardelen-logo.svg","contentUrl":"https:\/\/kardelenboya.com.tr\/wp-content\/uploads\/2023\/01\/kardelen-logo.svg","width":"1024","height":"1024","caption":"Kardelen | Briland \u2022 Aura \u2022 Promax \u2022 \u0130zobond"},"image":{"@id":"https:\/\/kardelenboya.com.tr\/fr\/#\/schema\/logo\/image\/"},"sameAs":["https:\/\/www.facebook.com\/kardelenboyakimya\/","https:\/\/x.com\/kardelenboya","https:\/\/www.linkedin.com\/company\/kardelen-boya-kimya-san-tic-ltd-ti\/","https:\/\/www.instagram.com\/kardelen_boya\/","https:\/\/www.youtube.com\/channel\/UC_yoAYMVDemUEIkawXgGntg","https:\/\/vk.com\/club232320387","https:\/\/t.me\/kardelenkraski"]}]}},"_links":{"self":[{"href":"https:\/\/kardelenboya.com.tr\/fr\/wp-json\/wp\/v2\/pages\/13310","targetHints":{"allow":["GET"]}}],"collection":[{"href":"https:\/\/kardelenboya.com.tr\/fr\/wp-json\/wp\/v2\/pages"}],"about":[{"href":"https:\/\/kardelenboya.com.tr\/fr\/wp-json\/wp\/v2\/types\/page"}],"author":[{"embeddable":true,"href":"https:\/\/kardelenboya.com.tr\/fr\/wp-json\/wp\/v2\/users\/1"}],"replies":[{"embeddable":true,"href":"https:\/\/kardelenboya.com.tr\/fr\/wp-json\/wp\/v2\/comments?post=13310"}],"version-history":[{"count":2,"href":"https:\/\/kardelenboya.com.tr\/fr\/wp-json\/wp\/v2\/pages\/13310\/revisions"}],"predecessor-version":[{"id":13318,"href":"https:\/\/kardelenboya.com.tr\/fr\/wp-json\/wp\/v2\/pages\/13310\/revisions\/13318"}],"wp:attachment":[{"href":"https:\/\/kardelenboya.com.tr\/fr\/wp-json\/wp\/v2\/media?parent=13310"}],"curies":[{"name":"wp","href":"https:\/\/api.w.org\/{rel}","templated":true}]}}